{"id":6292,"date":"2025-01-23T19:51:24","date_gmt":"2025-01-23T17:51:24","guid":{"rendered":"https:\/\/jodlerklub-grosswangen.ch\/?page_id=6292"},"modified":"2026-02-12T20:27:46","modified_gmt":"2026-02-12T18:27:46","slug":"termine-2025","status":"publish","type":"page","link":"https:\/\/jodlerklub-grosswangen.ch\/Wordpress\/agenda\/termine-2025\/","title":{"rendered":"Termine 2025"},"content":{"rendered":"\n<p><strong><em><u>Probe:<\/u> jeden Montag, 20.00 Uhr, im Singsaal des Schulhauses in Grosswangen&nbsp;<\/em><br><em><br>Neumitglieder sind jederzeit herzlich willkommen<\/em><\/strong><\/p>\n\n\n\n<hr class=\"wp-block-separator has-alpha-channel-opacity\"\/>\n\n\n\n<figure class=\"wp-block-table is-style-stripes\" style=\"font-size:20px\"><table class=\"has-black-color has-text-color has-background has-link-color has-fixed-layout\" style=\"background:radial-gradient(rgb(255,245,203) 0%,rgb(182,227,212) 50%,rgb(51,167,181) 100%)\"><tbody><tr><td><strong>Datum<\/strong><\/td><td><strong><em>Anlass<\/em><\/strong><\/td><td><strong><em>wann<\/em><\/strong><\/td><td><strong><em>wo<\/em><\/strong><\/td><td><strong>Vermerk<\/strong><\/td><\/tr><tr><td><strong>21. M\u00e4rz<\/strong><\/td><td><strong>Jahreskonzert<\/strong><\/td><td><strong>20.00 Uhr <\/strong><\/td><td><strong>Ochsensaal, Grosswangen<\/strong><\/td><td><br><br><\/td><\/tr><tr><td><strong>23. M\u00e4rz <\/strong><\/td><td><strong>Jahreskonzert<\/strong><\/td><td><strong>14.00<\/strong> <strong>Uhr<\/strong><\/td><td><strong>Ochsensaal, Grosswangen<\/strong><\/td><td><br><br><\/td><\/tr><tr><td><strong>03. Mai <\/strong><\/td><td><strong>St\u00e4ndli am Nationalturntag LU\/OW\/NW<\/strong><\/td><td><strong>11.00<\/strong> <strong>Uhr<\/strong><\/td><td><strong>Schulhausareal Grosswangen<\/strong><\/td><td><\/td><\/tr><tr><td><strong>11. Mai<\/strong><\/td><td><strong>Muttertag Singen und Ap\u00e9ro<\/strong><\/td><td><strong>09.00Uhr<\/strong><\/td><td><strong>Kirche Grosswangen<\/strong><\/td><td><\/td><\/tr><tr><td><strong>23. Mai<\/strong><\/td><td><strong>Expertisen Singen Ettiswil<\/strong><\/td><td><strong>17.31 Uhr<\/strong><\/td><td><strong>Kirche Ettiswil<\/strong><\/td><td><\/td><\/tr><tr><td><strong>29. Mai<\/strong><\/td><td><strong>Z&#8217;Morge f\u00fcr Bev\u00f6lkerung am Umritt<\/strong><\/td><td><\/td><td><strong>Auffahrt Oberroth<\/strong><\/td><td><\/td><\/tr><tr><td><strong>27. Juni<\/strong><\/td><td><strong>66. ZSJV Jodlerfest <\/strong><br><\/td><td><strong>18.30 Uhr<\/strong><br><strong>Ort: <\/strong><br><strong>Herger + Koch AG<\/strong><\/td><td><strong>Menznau<\/strong><\/td><td><strong>Lied: Morgegruess von Egli Fritz<\/strong><\/td><\/tr><tr><td><strong>28. Juni<\/strong><\/td><td><strong><strong>66. ZSJV Jodlerfest <\/strong><br><\/strong><em> <\/em><\/td><td><\/td><td><strong>Menznau<\/strong><\/td><td><\/td><\/tr><tr><td><strong>29. Juni<\/strong><\/td><td><strong><strong><strong>66. ZSJV Jodlerfest <\/strong><br><\/strong><\/strong>Umzug<\/td><td><strong>14.00<\/strong> <strong>Uhr<\/strong><\/td><td><strong>Menznau<\/strong><\/td><td><\/td><\/tr><tr><td><strong>20. September<\/strong><\/td><td><strong>Kirchenkonzert Jodlerclub Echo Basel<\/strong><\/td><td><strong>19.00 Uhr<\/strong><\/td><td><strong>Kulturkirche Paulus Basel<\/strong><\/td><td><\/td><\/tr><tr><td><strong><strong>12. Oktober <\/strong><\/strong><\/td><td><strong>Kilbi Singen im Gottesdienst<\/strong><\/td><td><strong>09.00 Uhr<\/strong><\/td><td><strong><strong>Kirche Grosswangen<\/strong><\/strong><\/td><td><\/td><\/tr><tr><td><strong>30. November<\/strong><\/td><td><strong>Chlauseinzug <\/strong><br><em>ab Neum\u00fchle<\/em><\/td><td><strong><strong>Abend<\/strong><\/strong><\/td><td><strong>Kirche &amp; BZ Linde<\/strong><\/td><td><\/td><\/tr><\/tbody><\/table><\/figure>\n\n\n\n<p><\/p>\n\n\n\n<p><\/p>\n\n\n\n<p><\/p>\n","protected":false},"excerpt":{"rendered":"<p>Probe: jeden Montag, 20.00 Uhr, im Singsaal des Schulhauses in Grosswangen&nbsp;Neumitglieder sind jederzeit herzlich willkommen Datum Anlass wann wo Vermerk 21. M\u00e4rz Jahreskonzert 20.00 Uhr Ochsensaal, Grosswangen 23. M\u00e4rz Jahreskonzert 14.00 Uhr Ochsensaal, Grosswangen 03. Mai St\u00e4ndli am Nationalturntag LU\/OW\/NW 11.00 Uhr Schulhausareal Grosswangen 11. Mai Muttertag Singen und Ap\u00e9ro 09.00Uhr Kirche Grosswangen 23. Mai&hellip; <br \/> <a class=\"button small blue\" href=\"https:\/\/jodlerklub-grosswangen.ch\/Wordpress\/agenda\/termine-2025\/\">Weiterlesen<\/a><\/p>\n","protected":false},"author":1,"featured_media":0,"parent":16,"menu_order":1990,"comment_status":"closed","ping_status":"closed","template":"","meta":{"footnotes":""},"class_list":["post-6292","page","type-page","status-publish","hentry"],"_links":{"self":[{"href":"https:\/\/jodlerklub-grosswangen.ch\/Wordpress\/wp-json\/wp\/v2\/pages\/6292","targetHints":{"allow":["GET"]}}],"collection":[{"href":"https:\/\/jodlerklub-grosswangen.ch\/Wordpress\/wp-json\/wp\/v2\/pages"}],"about":[{"href":"https:\/\/jodlerklub-grosswangen.ch\/Wordpress\/wp-json\/wp\/v2\/types\/page"}],"author":[{"embeddable":true,"href":"https:\/\/jodlerklub-grosswangen.ch\/Wordpress\/wp-json\/wp\/v2\/users\/1"}],"replies":[{"embeddable":true,"href":"https:\/\/jodlerklub-grosswangen.ch\/Wordpress\/wp-json\/wp\/v2\/comments?post=6292"}],"version-history":[{"count":27,"href":"https:\/\/jodlerklub-grosswangen.ch\/Wordpress\/wp-json\/wp\/v2\/pages\/6292\/revisions"}],"predecessor-version":[{"id":7194,"href":"https:\/\/jodlerklub-grosswangen.ch\/Wordpress\/wp-json\/wp\/v2\/pages\/6292\/revisions\/7194"}],"up":[{"embeddable":true,"href":"https:\/\/jodlerklub-grosswangen.ch\/Wordpress\/wp-json\/wp\/v2\/pages\/16"}],"wp:attachment":[{"href":"https:\/\/jodlerklub-grosswangen.ch\/Wordpress\/wp-json\/wp\/v2\/media?parent=6292"}],"curies":[{"name":"wp","href":"https:\/\/api.w.org\/{rel}","templated":true}]}}