{"id":3550,"date":"2022-09-06T10:03:11","date_gmt":"2022-09-06T08:03:11","guid":{"rendered":"http:\/\/jodlerklub-grosswangen.ch\/?page_id=3550"},"modified":"2026-02-12T20:28:03","modified_gmt":"2026-02-12T18:28:03","slug":"termine-2024","status":"publish","type":"page","link":"https:\/\/jodlerklub-grosswangen.ch\/Wordpress\/agenda\/termine-2024\/","title":{"rendered":"Termine 2024"},"content":{"rendered":"\n<p><strong><em><u>Probe:<\/u> jeden Montag, 20.00 Uhr, im Singsaal des Schulhauses in Grosswangen&nbsp;<\/em><br><em><br>Neumitglieder sind jederzeit herzlich willkommen<\/em><\/strong><\/p>\n\n\n\n<hr class=\"wp-block-separator has-alpha-channel-opacity\"\/>\n\n\n\n<h4 class=\"wp-block-heading\">28.-30. Juni 2024&nbsp; Jodlerfest Sempach<br>Unser Vortrag:<br><br>Freitag 28. Juni, 19.30 Uhr in der Festhalle Seepark<br>Jodlergeischt von Ernst Fenner<\/h4>\n\n\n\n<figure class=\"wp-block-table is-style-stripes\" style=\"font-size:20px\"><table class=\"has-black-color has-text-color has-background has-link-color has-fixed-layout\" style=\"background:radial-gradient(rgb(255,245,203) 0%,rgb(182,227,212) 50%,rgb(51,167,181) 100%)\"><tbody><tr><td><strong>Datum<\/strong><\/td><td><strong><em>Anlass<\/em><\/strong><\/td><td><strong><em>wann<\/em><\/strong><\/td><td><strong><em>wo<\/em><\/strong><\/td><\/tr><tr><td><strong>03. M\u00e4rz<\/strong><\/td><td><strong>Trachtenweihe<\/strong><\/td><td><strong>09.00-18.00<\/strong> <strong>Uhr <\/strong><\/td><td><strong>Pfarrkirche und Ochsensaal, Grosswangen<\/strong><\/td><\/tr><tr><td><strong>15. M\u00e4rz <\/strong><\/td><td><strong>Jahreskonzert<\/strong><\/td><td><strong>20.00<\/strong> <strong>Uhr<\/strong><\/td><td><strong>Ochsensaal, Grosswangen<\/strong><\/td><\/tr><tr><td><strong>17. M\u00e4rz <\/strong><\/td><td><strong>Jahreskonzert <\/strong><\/td><td><strong>14.00<\/strong> <strong>Uhr<\/strong><\/td><td><strong> Ochsensaal<\/strong>, <strong>Grosswangen<\/strong><\/td><\/tr><tr><td><strong>23. M\u00e4rz <\/strong><\/td><td><strong>Gewerbeaustellung <\/strong><\/td><td><strong>14-17.00<\/strong> <strong>Uhr<\/strong><\/td><td><strong>Grosswangen<\/strong><\/td><\/tr><tr><td><strong>09. Mai<\/strong><\/td><td><strong>Z`Morge am Auffahrtsumritt<\/strong><\/td><td><strong>08.00 Uhr<\/strong><\/td><td><strong>Oberroth<\/strong><\/td><\/tr><tr><td><strong>12. Mai<\/strong><\/td><td><strong>Muttertag Singen mit Ap\u00e9ro<\/strong><\/td><td><strong>09.00<\/strong> <strong>Uhr<\/strong><\/td><td><strong>Pfarrkirche Grosswangen<\/strong><\/td><\/tr><tr><td><strong>28.-30 Juni<\/strong><\/td><td><strong>Jodlerfest Sempach<\/strong><\/td><td><strong>Unser Vortrag:<br><br>Freitag 28. Juni, 19.30 Uhr in der Festhalle <\/strong><\/td><td><strong>Sempach<\/strong><\/td><\/tr><tr><td><strong>13. Oktober<\/strong><\/td><td><strong>Singen im Kilbigottesdienst, St\u00e4ndli BZ Linde<\/strong><\/td><td><strong>09.00<\/strong> <strong>Uhr<\/strong><\/td><td><strong>Pfarrkirche Grosswangen \/ BZ Linde Grosswangen <\/strong><\/td><\/tr><tr><td><strong>01. Dezember<\/strong><\/td><td><strong>Chlauseinzug<\/strong><\/td><td><strong>18.00-20.00<\/strong> <strong>Uhr<\/strong><\/td><td><strong>Grosswangen<\/strong><\/td><\/tr><tr><td><\/td><td><\/td><td><\/td><td><\/td><\/tr><\/tbody><\/table><\/figure>\n","protected":false},"excerpt":{"rendered":"<p>Probe: jeden Montag, 20.00 Uhr, im Singsaal des Schulhauses in Grosswangen&nbsp;Neumitglieder sind jederzeit herzlich willkommen 28.-30. Juni 2024&nbsp; Jodlerfest SempachUnser Vortrag: Freitag 28. Juni, 19.30 Uhr in der Festhalle SeeparkJodlergeischt von Ernst Fenner Datum Anlass wann wo 03. M\u00e4rz Trachtenweihe 09.00-18.00 Uhr Pfarrkirche und Ochsensaal, Grosswangen 15. M\u00e4rz Jahreskonzert 20.00 Uhr Ochsensaal, Grosswangen 17. M\u00e4rz&hellip; <br \/> <a class=\"button small blue\" href=\"https:\/\/jodlerklub-grosswangen.ch\/Wordpress\/agenda\/termine-2024\/\">Weiterlesen<\/a><\/p>\n","protected":false},"author":1,"featured_media":0,"parent":16,"menu_order":1991,"comment_status":"closed","ping_status":"closed","template":"","meta":{"footnotes":""},"class_list":["post-3550","page","type-page","status-publish","hentry"],"_links":{"self":[{"href":"https:\/\/jodlerklub-grosswangen.ch\/Wordpress\/wp-json\/wp\/v2\/pages\/3550","targetHints":{"allow":["GET"]}}],"collection":[{"href":"https:\/\/jodlerklub-grosswangen.ch\/Wordpress\/wp-json\/wp\/v2\/pages"}],"about":[{"href":"https:\/\/jodlerklub-grosswangen.ch\/Wordpress\/wp-json\/wp\/v2\/types\/page"}],"author":[{"embeddable":true,"href":"https:\/\/jodlerklub-grosswangen.ch\/Wordpress\/wp-json\/wp\/v2\/users\/1"}],"replies":[{"embeddable":true,"href":"https:\/\/jodlerklub-grosswangen.ch\/Wordpress\/wp-json\/wp\/v2\/comments?post=3550"}],"version-history":[{"count":40,"href":"https:\/\/jodlerklub-grosswangen.ch\/Wordpress\/wp-json\/wp\/v2\/pages\/3550\/revisions"}],"predecessor-version":[{"id":6078,"href":"https:\/\/jodlerklub-grosswangen.ch\/Wordpress\/wp-json\/wp\/v2\/pages\/3550\/revisions\/6078"}],"up":[{"embeddable":true,"href":"https:\/\/jodlerklub-grosswangen.ch\/Wordpress\/wp-json\/wp\/v2\/pages\/16"}],"wp:attachment":[{"href":"https:\/\/jodlerklub-grosswangen.ch\/Wordpress\/wp-json\/wp\/v2\/media?parent=3550"}],"curies":[{"name":"wp","href":"https:\/\/api.w.org\/{rel}","templated":true}]}}