{"id":12,"date":"2016-01-27T02:35:40","date_gmt":"2016-01-27T00:35:40","guid":{"rendered":"http:\/\/jodlerklub-grosswangen.ch\/Wordpress\/?page_id=12"},"modified":"2024-03-20T01:39:27","modified_gmt":"2024-03-19T23:39:27","slug":"geschichte-des-klubs","status":"publish","type":"page","link":"https:\/\/jodlerklub-grosswangen.ch\/Wordpress\/geschichte-des-klubs\/","title":{"rendered":"Geschichte des Klubs"},"content":{"rendered":"\n<hr class=\"wp-block-separator has-alpha-channel-opacity\"\/>\n\n\n<p style=\"text-align: center;\"><span style=\"color: #000000;\">Ein R\u00fcckblick auf die vergangenen\u00a0 Jahre\u00a0 des Jodlerklubs Grosswangen<\/span><\/p>\n<p style=\"text-align: center;\"><span style=\"color: #000000;\">Der Jodlerklub Grosswangen ist am 22. April 1988 im<\/span> Gasthaus Ochsen gegr\u00fcndet worden. Als Gr\u00fcndungspr\u00e4sident amtete alt Nationalrat Josef Kunz vom Schl\u00f6ssli. Ab 1995 \u00fcbernahm Willi R\u00f6lli, Feldweg, das Pr\u00e4sidium und er gab es 2005 an Gaby Zihlmann weiter, die den Klub noch heute mit grossem Engagement pr\u00e4sidiert. Als erster Dirigent leitete Franz Steffen aus Ettiswil den Klub, der 1993 den Dirigentenstab an Franziska Wigger-L\u00f6tscher, B\u00fcron, weitergab. Ab 1996 wurde der Klub von Bernadette Roos-Stadelmann aus Sch\u00fcpfheim geleitet. 1998 folgte Christina Buchm\u00fcller aus Schenkon und leitete den Klub bis 2006. Heinz Brunner aus Knutwil leitete den Klub bis 2010 und seither dirigiert Monika Duss-Sch\u00e4li aus Hasle den Grosswanger Klub mit grossem Erfolg.<\/p>\n<hr \/>\n<p>\u00a0<strong><img loading=\"lazy\" decoding=\"async\" class=\"alignright\" src=\"https:\/\/jodlerklub-grosswangen.ch\/Wordpress\/wp-content\/uploads\/2018\/02\/bild1.jpg\" alt=\"\" width=\"311\" height=\"213\" \/><\/strong><\/p>\n<p style=\"text-align: center;\"><span style=\"color: #000000;\">Der Klub besuchte bisher 18 Jodlerfeste, Eidgen\u00f6ssische und Unterverbands-Feste, und kehrte grossmehrheitlich mit der Note \u00a8Sehr gut\u00a8 und mit vielen sch\u00f6nen Festerinnerungen nach Hause zur\u00fcck. Ein H\u00f6hepunkt in der Klubgeschichte war die Trachtenweihe zum 10-Jahr-Jubil\u00e4um am 15. M\u00e4rz 1998. Die sch\u00f6ne Tracht, die die Klubmitglieder zu geselliger Kameradschaft verbindet, wird von allen mit Stolz getragen.<\/span><\/p>\n<p>\u00a0<img loading=\"lazy\" decoding=\"async\" class=\"alignnone\" src=\"https:\/\/jodlerklub-grosswangen.ch\/Wordpress\/wp-content\/uploads\/2018\/02\/foto2text.jpg\" alt=\"\" width=\"322\" height=\"210\" \/><\/p>\n<hr \/>\n<p style=\"text-align: center;\">In guter Erinnerung bleibt die Reise 2004 in die Ukraine, zu den Freunden des Kammerchores Cantus, mit dem der Jodlerklub von 2002 bis 2006 in der Pfarrkirche Grosswangen drei unvergessliche Kirchenkonzerte durchgef\u00fchrt hatte. Als Gastchor durfte der Klub in all den Jahren an Geburtstagsfeiern, Vereinsjubil\u00e4en und Konzertabenden anderer Vereine auftreten. Ein H\u00f6hepunkt in der Klubgeschichte war bestimmt auch die Durchf\u00fchrung der Delegiertenversammlung des Zentralschweizerischen Jodlerverbandes im Jahre 2005 in der Kalofenhalle Grosswangen, zu der \u00fcber 900 Delegierte aus sechs Kantonen begr\u00fcsst werden konnten.<\/p>\n<p>\u00a0<\/p>\n<hr \/>\n<p>\u00a0<\/p>\n<p style=\"text-align: center;\">Den 30. Geburtstag des Klubs wollten wir mit m\u00f6glichst vielen Jodlern und Volksmusikfreunden feiern und haben dazu im September 2018, das 1. Rottaler Jodlertreffen in der\u00a0 Kalofenhalle Grosswangen durchgef\u00fchrt.<\/p>\n<h6 style=\"text-align: center;\"><img loading=\"lazy\" decoding=\"async\" class=\"aligncenter\" src=\"https:\/\/jodlerklub-grosswangen.ch\/Wordpress\/wp-content\/uploads\/2018\/09\/1.-Rottaler-Jodlertreffen-109.jpg\" alt=\"\" width=\"701\" height=\"467\" \/>\u00a0 Gesammtchor am 1. Rottaler Jodlertreffen<br \/><br \/><\/h6>\n<hr \/>\n<p style=\"text-align: center;\"><span style=\"color: #000000;\">Sehr wichtig ist allen Klubmitgliedern das j\u00e4hrliche Konzert. Mit diesem soll das traditionelle Brauchtum in allen Facetten gezeigt werden und die Besucher sollen mit echter Schweizer Volkskultur unterhalten werden. Feste Bestandteile im Jahresprogramm sind die Mitgestaltung der Muttertags-Messe und das Mitorganisieren des beliebten Grosswanger Chlauseinzugs. Beides sind gesch\u00e4tzte Beitr\u00e4ge zum Kulturleben im Dorf.<\/span><\/p>\n<p>\u00a0<\/p>\n<hr \/>\n<p>\u00a0<\/p>\n<p style=\"text-align: center;\">03.03.2024 Trachtenweihe<\/p>\n\n<div class=\"wp-block-image\">\n<figure class=\"aligncenter size-full is-resized\"><img loading=\"lazy\" decoding=\"async\" width=\"4124\" height=\"2410\" src=\"https:\/\/jodlerklub-grosswangen.ch\/Wordpress\/wp-content\/uploads\/DSC_0214-1.jpg\" alt=\"\" class=\"wp-image-5746\" style=\"width:647px;height:auto\"\/><\/figure>\n<\/div>\n\n\n<p><\/p>\n","protected":false},"excerpt":{"rendered":"<p>Ein R\u00fcckblick auf die vergangenen\u00a0 Jahre\u00a0 des Jodlerklubs Grosswangen Der Jodlerklub Grosswangen ist am 22. April 1988 im Gasthaus Ochsen gegr\u00fcndet worden. Als Gr\u00fcndungspr\u00e4sident amtete alt Nationalrat Josef Kunz vom Schl\u00f6ssli. Ab 1995 \u00fcbernahm Willi R\u00f6lli, Feldweg, das Pr\u00e4sidium und er gab es 2005 an Gaby Zihlmann weiter, die den Klub noch heute mit grossem&hellip; <br \/> <a class=\"button small blue\" href=\"https:\/\/jodlerklub-grosswangen.ch\/Wordpress\/geschichte-des-klubs\/\">Weiterlesen<\/a><\/p>\n","protected":false},"author":1,"featured_media":0,"parent":0,"menu_order":2,"comment_status":"closed","ping_status":"closed","template":"","meta":{"footnotes":""},"class_list":["post-12","page","type-page","status-publish","hentry"],"_links":{"self":[{"href":"https:\/\/jodlerklub-grosswangen.ch\/Wordpress\/wp-json\/wp\/v2\/pages\/12","targetHints":{"allow":["GET"]}}],"collection":[{"href":"https:\/\/jodlerklub-grosswangen.ch\/Wordpress\/wp-json\/wp\/v2\/pages"}],"about":[{"href":"https:\/\/jodlerklub-grosswangen.ch\/Wordpress\/wp-json\/wp\/v2\/types\/page"}],"author":[{"embeddable":true,"href":"https:\/\/jodlerklub-grosswangen.ch\/Wordpress\/wp-json\/wp\/v2\/users\/1"}],"replies":[{"embeddable":true,"href":"https:\/\/jodlerklub-grosswangen.ch\/Wordpress\/wp-json\/wp\/v2\/comments?post=12"}],"version-history":[{"count":22,"href":"https:\/\/jodlerklub-grosswangen.ch\/Wordpress\/wp-json\/wp\/v2\/pages\/12\/revisions"}],"predecessor-version":[{"id":5869,"href":"https:\/\/jodlerklub-grosswangen.ch\/Wordpress\/wp-json\/wp\/v2\/pages\/12\/revisions\/5869"}],"wp:attachment":[{"href":"https:\/\/jodlerklub-grosswangen.ch\/Wordpress\/wp-json\/wp\/v2\/media?parent=12"}],"curies":[{"name":"wp","href":"https:\/\/api.w.org\/{rel}","templated":true}]}}